{"id":3,"date":"2021-02-05T17:34:55","date_gmt":"2021-02-05T17:34:55","guid":{"rendered":"https:\/\/macchina.vamtam.com\/?page_id=3"},"modified":"2025-09-13T07:35:29","modified_gmt":"2025-09-13T07:35:29","slug":"politiques-de-cookies","status":"publish","type":"page","link":"https:\/\/agilautoparts.fr\/fr\/politiques-de-cookies\/","title":{"rendered":"Politiques de cookies"},"content":{"rendered":"<div data-elementor-type=\"wp-page\" data-elementor-id=\"3\" class=\"elementor elementor-3\" data-elementor-post-type=\"page\">\n\t\t\t\t\t\t<section class=\"elementor-section elementor-top-section elementor-element elementor-element-44278d1 elementor-section-boxed elementor-section-height-default elementor-section-height-default\" data-id=\"44278d1\" data-element_type=\"section\">\n\t\t\t\t\t\t<div class=\"elementor-container elementor-column-gap-no\">\n\t\t\t\t\t<div class=\"elementor-column elementor-col-100 elementor-top-column elementor-element elementor-element-ff31d07\" data-id=\"ff31d07\" data-element_type=\"column\">\n\t\t\t<div class=\"elementor-widget-wrap elementor-element-populated\">\n\t\t\t\t\t\t<div class=\"elementor-element elementor-element-f4f06e9 elementor-widget elementor-widget-spacer\" data-id=\"f4f06e9\" data-element_type=\"widget\" data-widget_type=\"spacer.default\">\n\t\t\t\t<div class=\"elementor-widget-container\">\n\t\t\t\t\t\t\t<div class=\"elementor-spacer\">\n\t\t\t<div class=\"elementor-spacer-inner\"><\/div>\n\t\t<\/div>\n\t\t\t\t\t\t<\/div>\n\t\t\t\t<\/div>\n\t\t\t\t<div class=\"elementor-element elementor-element-5a0beb9 elementor-widget elementor-widget-spacer\" data-id=\"5a0beb9\" data-element_type=\"widget\" data-widget_type=\"spacer.default\">\n\t\t\t\t<div class=\"elementor-widget-container\">\n\t\t\t\t\t\t\t<div class=\"elementor-spacer\">\n\t\t\t<div class=\"elementor-spacer-inner\"><\/div>\n\t\t<\/div>\n\t\t\t\t\t\t<\/div>\n\t\t\t\t<\/div>\n\t\t\t\t\t<\/div>\n\t\t<\/div>\n\t\t\t\t\t<\/div>\n\t\t<\/section>\n\t\t\t\t<section class=\"elementor-section elementor-top-section elementor-element elementor-element-581b164c elementor-section-boxed elementor-section-height-default elementor-section-height-default\" data-id=\"581b164c\" data-element_type=\"section\">\n\t\t\t\t\t\t<div class=\"elementor-container elementor-column-gap-no\">\n\t\t\t\t\t<div class=\"elementor-column elementor-col-100 elementor-top-column elementor-element elementor-element-2e484033\" data-id=\"2e484033\" data-element_type=\"column\">\n\t\t\t<div class=\"elementor-widget-wrap elementor-element-populated\">\n\t\t\t\t\t\t<div class=\"elementor-element elementor-element-36d31838 elementor-widget elementor-widget-text-editor\" data-id=\"36d31838\" data-element_type=\"widget\" data-widget_type=\"text-editor.default\">\n\t\t\t\t<div class=\"elementor-widget-container\">\n\t\t\t\t\t\t\t\t\t\n<div>1. L&#8217;utilisation de cookies<\/div>\n<div>Notre site internet https:\/\/www.agilautoparts.com\/ utilise des cookies. Un cookie est un petit fichier qui est envoy\u00e9 avec les pages de ce site Web et\/ou les applications Flash et qui est stock\u00e9 par votre navigateur sur votre disque dur \u00e0 partir de votre ordinateur, t\u00e9l\u00e9phone portable, montre connect\u00e9e ou tablette. Les informations qui y sont stock\u00e9es peuvent \u00eatre retourn\u00e9es \u00e0 nos serveurs lors d&#8217;une visite ult\u00e9rieure.<\/div>\n<div>\u00a0<\/div>\n<div>L&#8217;utilisation de cookies est d&#8217;une grande importance pour le bon fonctionnement de notre site web. Gr\u00e2ce \u00e0 la contribution (anonyme) des visiteurs, nous pouvons am\u00e9liorer l&#8217;utilisation du site internet et le rendre plus convivial.<\/div>\n<div>\u00a0<\/div>\n<div>2. Consentement<\/div>\n<div>Votre consentement est requis pour l&#8217;utilisation de certains cookies. Nous le recueillons au moyen d&#8217;une banni\u00e8re informative.<\/div>\n<div>\u00a0<\/div>\n<div>3. Le type de cookies utilis\u00e9s et leurs objectifs Nous utilisons les cookies suivants :<\/div>\n<div>&#8211; Cookies fonctionnels : ils nous permettent d&#8217;am\u00e9liorer le fonctionnement du site internet et de le rendre plus convivial pour le visiteur. Par exemple, nous stockons vos donn\u00e9es de connexion.<\/div>\n<div>&#8211; Cookies de mesure d&#8217;audience : ils garantissent qu&#8217;un cookie anonyme est g\u00e9n\u00e9r\u00e9 \u00e0 chaque fois que vous visitez un site internet. Ces cookies permettent de savoir si vous avez d\u00e9j\u00e0 visit\u00e9 le site auparavant ou non. Ce n&#8217;est que lors de la premi\u00e8re visite qu\u2019un cookie est cr\u00e9\u00e9. Lors des visites suivantes, l&#8217;utilisation du cookie d\u00e9j\u00e0 existant est automatique. Ce cookie n&#8217;est<\/div>\n<div>utilis\u00e9 qu&#8217;\u00e0 des fins statistiques. De cette fa\u00e7on, les donn\u00e9es suivantes peuvent \u00eatre collect\u00e9es :<\/div>\n<div>le nombre de visiteurs uniques la fr\u00e9quence \u00e0 laquelle les utilisateurs visitent le site quelles pages les visiteurs consultent combien de temps les utilisateurs consultent une page particuli\u00e8re la page \u00e0 partir de laquelle les visiteurs quittent le site<\/div>\n<div>&#8211; Cookies de suivi : ils permettent d&#8217;analyser votre navigation, vos habitudes de consultation ou de consommation sur les sites du r\u00e9seau, dans le but de vous proposer des publicit\u00e9s cibl\u00e9es ou des services personnalis\u00e9s. Le profil qui est \u00e9tabli en fonction de ces donn\u00e9es n&#8217;est pas li\u00e9 \u00e0 votre nom, adresse, adresse mail, etc., mais sert uniquement \u00e0 faire correspondre les<\/div>\n<div>publicit\u00e9s \u00e0 votre profil, afin qu&#8217;elles soient aussi pertinentes que possible pour vous. Nous recueillons votre consentement pour ces cookies. Ils ne seront pas install\u00e9s sans votre consentement.<\/div>\n<div>&#8211; Cookies des tiers : ils permettent de suivre les pages que vous visitez sur Internet afin de cr\u00e9er votre profil personnel. Ce profil n&#8217;est pas li\u00e9 \u00e0 votre nom, adresse, adresse mail etc., comme indiqu\u00e9 plus haut, mais sert uniquement \u00e0 vous identifier comme un visiteur unique et \u00e0 adapter les annonces publicitaires \u00e0 votre profil afin qu&#8217;elles soient aussi pertinentes que<\/div>\n<div>possible pour vous. Nous recueillons votre consentement pour ces cookies. Ces cookies ne seront pas install\u00e9s sans votre consentement.<\/div>\n<div>&#8211; Cookies li\u00e9s aux r\u00e9seaux sociaux : ils permettent aux r\u00e9seaux sociaux d&#8217;enregistrer les articles et les pages que vous partagez via leurs boutons de partage. Ils peuvent \u00e9galement contenir des cookies de suivi qui tracent votre comportement de navigation sur internet.<\/div>\n<div>&#8211; Cookies d&#8217;am\u00e9lioration du site : ils permettent de tester diff\u00e9rentes versions d&#8217;une page internet afin de savoir quelle page est mieux utilis\u00e9e.<\/div>\n<div>\u00a0<\/div>\n<div>3 bis. Liste des cookies utilis\u00e9s<\/div>\n<div>Cookies Google :<\/div>\n<div>Google analytics : permet de mesurer l&#8217;audience du site.<\/div>\n<div>Google tag manager : facilite l\u2019impl\u00e9mentation des tags sur les pages et permet de g\u00e9rer les balises Google.<\/div>\n<div>Google Adsense : r\u00e9gie publicitaire de Google utilisant les sites web ou les vid\u00e9os YouTube comme support pour ses<\/div>\n<div>annonces.<\/div>\n<div>Google Dynamic Remarketing : permet de vous proposer de la publicit\u00e9 dynamique en fonction des pr\u00e9c\u00e9dentes recherches.<\/div>\n<div>Google Adwords Conversion : outil de suivi des campagnes publicitaires adwords.<\/div>\n<div>DoubleClick : cookies publicitaires de Google pour diffuser des banni\u00e8res.<\/div>\n<div>Cookies Facebook :<\/div>\n<div>Facebook connect : permet de s&#8217;identifier \u00e0 l&#8217;aide de son compte Facebook.<\/div>\n<div>Facebook social plugins : permet de liker, partager, commenter du contenu avec un compte Facebook.<\/div>\n<div>Facebook Custom Audience : permet d&#8217;int\u00e9rargir avec l&#8217;audience sur Facebook.<\/div>\n<div>Cookies Twitter :<\/div>\n<div>Twitter button : permet de partager facilement et afficher le contenu de Twitter.<\/div>\n<div>Twitter advertising : permet d&#8217;afficher et de cibler des publicit\u00e9s par la r\u00e9gie publicitaire de Twitter.<\/div>\n<div>\u00a0<\/div>\n<div>4. Vos droits \u00e0 l&#8217;\u00e9gard de vos donn\u00e9es personnelles<\/div>\n<div>Vous disposez d&#8217;un droit d&#8217;acc\u00e8s, de rectification, de limitation et de suppression de vos donn\u00e9es personnelles. En outre, vous avez le droit de vous opposer au traitement des donn\u00e9es personnelles et le droit \u00e0 la transf\u00e9rabilit\u00e9 de vos donn\u00e9es.<\/div>\n<div>Vous pouvez exercer ces droits en nous envoyant un mail \u00e0 l&#8217;adresse suivante contact@agilautoparts.com. Afin de pr\u00e9venir les abus, nous pouvons vous demander de vous identifier sur notre site. Lorsqu&#8217;il s&#8217;agit d&#8217;acc\u00e9der \u00e0 des donn\u00e9es personnelles li\u00e9es \u00e0 un cookie, nous vous demandons de nous envoyer une copie du cookie en question. Vous pouvez les trouver dans les param\u00e8tres de votre navigateur.<\/div>\n<div>\u00a0<\/div>\n<div>5. Blocage et suppression des cookies<\/div>\n<div>Vous pouvez facilement bloquer et supprimer vous-m\u00eame les cookies \u00e0 tout moment par votre navigateur Internet. Vous pouvez \u00e9galement configurer votre navigateur Internet de mani\u00e8re \u00e0 recevoir un message lorsqu&#8217;un cookie est install\u00e9. Vous pouvez \u00e9galement indiquer que certains cookies ne peuvent pas \u00eatre install\u00e9s. Pour cela, veuillez consultez la fonction d&#8217;aide<\/div>\n<div>de votre navigateur. Si vous supprimez les cookies de votre navigateur, cela peut le cas \u00e9ch\u00e9ant avoir des cons\u00e9quences sur l&#8217;utilisation de notre site internet.<\/div>\n<div>\u00a0<\/div>\n<div>Certains cookies de suivi sont install\u00e9s par des tiers qui vous affichent des publicit\u00e9s via notre site Web. Vous pouvez supprimer ces cookies de mani\u00e8re centralis\u00e9e via www.youronlinechoices.eu.<\/div>\n<div>\u00a0<\/div>\n<div>Veuillez noter que si vous ne voulez pas de cookies, nous ne serons plus en mesure de garantir le bon fonctionnement de notre site Web. Certaines caract\u00e9ristiques du site peuvent \u00eatre alt\u00e9r\u00e9es et dans certains cas, vous ne pourrez plus acc\u00e9der au site. De plus, le refus des cookies ne signifie pas que vous ne verrez aucune publicit\u00e9. Les annonces ne sont plus adapt\u00e9es \u00e0 vos centres d&#8217;int\u00e9r\u00eat et peuvent donc appara\u00eetre plus souvent.<\/div>\n<div>\u00a0<\/div>\n<div>Les \u00e9tapes \u00e0 suivre pour ajuster vos param\u00e8tres varient d&#8217;un navigateur \u00e0 un autre. Si n\u00e9cessaire, consultez la fonction d&#8217;aide de votre navigateur, ou rendez-vous sur l\u2019un des liens ci-dessous pour acc\u00e9der directement au manuel de votre navigateur.<\/div>\n<div>\u00a0<\/div>\n<div>Firefox : https:\/\/support.mozilla.org\/fr\/kb\/effacer-les-cookies-pour-supprimer-les-information<\/div>\n<div>Google Chrome : https:\/\/support.google.com\/chrome\/answer\/95647?co=GENIE.Platform=Desktop&amp;hl=fr<\/div>\n<div>Internet Explorer : https:\/\/support.microsoft.com\/fr-fr\/help\/278835\/how-to-delete-cookie-files-in-internet-explorer<\/div>\n<div>Safari : https:\/\/support.apple.com\/kb\/ph21411?locale=fr_FR<\/div>\n<div>\u00a0<\/div>\n<div>6. Nouveaux d\u00e9veloppements et cookies non pr\u00e9vus<\/div>\n<div>Sur certaines de nos pages, nous pouvons utiliser du contenu qui est h\u00e9berg\u00e9 sur d&#8217;autres sites et qui est rendu accessible sur notre site internet au moyen de certains codes (contenu int\u00e9gr\u00e9). Ces codes utilisent souvent des cookies. Nous n\u2019avons cependant aucun contr\u00f4le sur ce que ces tiers font de leurs cookies.<\/div>\n<div>\u00a0<\/div>\n<div>Il est \u00e9galement possible que, par l&#8217;interm\u00e9diaire de notre site internet, des cookies soient plac\u00e9s par d&#8217;autres personnes.<\/div>\n<div>Vous avez trouv\u00e9 sur notre site internet des cookies que nous n&#8217;avons pas identifi\u00e9s ? Veuillez nous le faire savoir par mail.<\/div>\n<div>Vous pouvez \u00e9galement contacter directement le tiers et lui demander quels cookies il place, quelle en est la raison, quelle est la dur\u00e9e de vie du cookie et quelles sont les mesures pour prot\u00e9ger votre vie priv\u00e9e.\u2003<\/div>\n<div>\u00a0<\/div>\n<div>7. Remarques<\/div>\n<div>Nous devrons mettre \u00e0 jour cette politique d&#8217;utilisation des cookies r\u00e9guli\u00e8rement par exemple lorsque nous modifions notre site Web ou les r\u00e8gles le concernant. Nous vous prions de consulter cette page pour prendre connaissance de la derni\u00e8re version de notre politique d&#8217;utilisation des cookies.<\/div>\n<div>\u00a0<\/div>\n<div>Si vous avez des questions et\/ou des commentaires, veuillez nous contacter \u00e0 l&#8217;adresse e-mail suivante :<\/div>\n<div>contact@agilautoparts.com<\/div>\n<div>Cette politique de Cookies a \u00e9t\u00e9 cr\u00e9\u00e9e sur le site Rocket Lawyer.<\/div>\n<div>\u00a0<\/div>\n\t\t\t\t\t\t\t\t<\/div>\n\t\t\t\t<\/div>\n\t\t\t\t\t<\/div>\n\t\t<\/div>\n\t\t\t\t\t<\/div>\n\t\t<\/section>\n\t\t\t\t<\/div>","protected":false},"excerpt":{"rendered":"<p>1. L&#8217;utilisation de cookies Notre site internet https:\/\/www.agilautoparts.com\/ utilise des cookies. Un cookie est un petit fichier qui est envoy\u00e9 avec les pages de ce site Web et\/ou les applications Flash et qui est stock\u00e9 par votre navigateur sur votre disque dur \u00e0 partir de votre ordinateur, t\u00e9l\u00e9phone portable, montre connect\u00e9e ou tablette. Les informations&#8230;<\/p>","protected":false},"author":1,"featured_media":0,"parent":0,"menu_order":0,"comment_status":"closed","ping_status":"open","template":"","meta":{"footnotes":""},"class_list":["post-3","page","type-page","status-publish","hentry"],"_links":{"self":[{"href":"https:\/\/agilautoparts.fr\/fr\/wp-json\/wp\/v2\/pages\/3","targetHints":{"allow":["GET"]}}],"collection":[{"href":"https:\/\/agilautoparts.fr\/fr\/wp-json\/wp\/v2\/pages"}],"about":[{"href":"https:\/\/agilautoparts.fr\/fr\/wp-json\/wp\/v2\/types\/page"}],"author":[{"embeddable":true,"href":"https:\/\/agilautoparts.fr\/fr\/wp-json\/wp\/v2\/users\/1"}],"replies":[{"embeddable":true,"href":"https:\/\/agilautoparts.fr\/fr\/wp-json\/wp\/v2\/comments?post=3"}],"version-history":[{"count":4,"href":"https:\/\/agilautoparts.fr\/fr\/wp-json\/wp\/v2\/pages\/3\/revisions"}],"predecessor-version":[{"id":988091,"href":"https:\/\/agilautoparts.fr\/fr\/wp-json\/wp\/v2\/pages\/3\/revisions\/988091"}],"wp:attachment":[{"href":"https:\/\/agilautoparts.fr\/fr\/wp-json\/wp\/v2\/media?parent=3"}],"curies":[{"name":"wp","href":"https:\/\/api.w.org\/{rel}","templated":true}]}}